{"id":5388,"date":"2021-08-23T10:30:38","date_gmt":"2021-08-23T03:30:38","guid":{"rendered":"https:\/\/phppackaging.com\/chinh-sach-giao-hang"},"modified":"2021-08-23T10:30:38","modified_gmt":"2021-08-23T03:30:38","slug":"chinh-sach-giao-hang","status":"publish","type":"page","link":"https:\/\/phppackaging.com\/vi\/chinh-sach-giao-hang","title":{"rendered":"Ch\u00ednh s\u00e1ch giao h\u00e0ng"},"content":{"rendered":"<ol>\n<li><strong>\u0110i\u1ec1u Ki\u1ec7n Chung trong v\u1eadn chuy\u1ec3n v\u00e0 giao nh\u1eadn h\u00e0ng h\u00f3a<br \/>\n<\/strong><br \/>\nKh\u00e1ch h\u00e0ng n\u00ean \u0111\u1eb7t c\u00e1c s\u1ea3n ph\u1ea9m tr\u01b0\u1edbc 4 gi\u1edd qua \u0111i\u1ec7n tho\u1ea1i v\u00e0 24h qua website ho\u1eb7c zalo ho\u1eb7c fanpage.Kh\u00e1ch h\u00e0ng c\u00f3 tr\u00e1ch nhi\u1ec7m cung c\u1ea5p \u0111\u1ea7y \u0111\u1ee7 c\u00e1c th\u00f4ng tin c\u1ea7n thi\u1ebft cho JM international\u00a0\u0111\u1ec3 qu\u00e1 tr\u00ecnh giao h\u00e0ng \u0111\u01b0\u1ee3c di\u1ec5n ra thu\u1eadn l\u1ee3i. Kh\u00e1ch h\u00e0ng c\u1ea7n cung c\u1ea5p \u0111\u1ea7y \u0111\u1ee7 th\u00f4ng tin nh\u01b0: T\u00ean ng\u01b0\u1eddi nh\u1eadn, \u0111\u1ecba ch\u1ec9 ng\u01b0\u1eddi nh\u1eadn ch\u00ednh x\u00e1c ( bao g\u1ed3m: s\u1ed1 nh\u00e0, t\u00ean ph\u1ed1, t\u00ean qu\u1eadn, huy\u1ec7n, ph\u01b0\u1eddng, x\u00e3, t\u1ec9nh th\u00e0nh ph\u1ed1) s\u1ed1 \u0111i\u1ec7n tho\u1ea1i ng\u01b0\u1eddi nh\u1eadn \u0111\u1ec3 li\u00ean h\u1ec7\u2026 JM international s\u1ebd kh\u00f4ng ch\u1ecbu tr\u00e1ch nhi\u1ec7m \u0111\u1ed1i v\u1edbi nh\u1eefng tr\u01b0\u1eddng h\u1ee3p b\u1ecb chuy\u1ec3n h\u00e0ng sai \u0111\u1ecba ch\u1ec9 do l\u1ed7i c\u1ee7a kh\u00e1ch h\u00e0ng ghi kh\u00f4ng \u0111\u00fang \u0111\u1ecba ch\u1ec9 ng\u01b0\u1eddi nh\u1eadn.\u2013 Tr\u01b0\u1eddng h\u1ee3p kh\u00f4ng c\u00f3 ng\u01b0\u1eddi nh\u1eadn v\u00e0 ng\u01b0\u1eddi nh\u1eadn kh\u00f4ng mu\u1ed1n nh\u1eadn s\u1ea3n ph\u1ea9m. Th\u00ec JM international\u00a0s\u1ebd chuy\u1ec3n hoa t\u1edbi \u0111\u1ecba ch\u1ec9 c\u1ee7a ng\u01b0\u1eddi \u0111\u1eb7t trong tr\u01b0\u1eddng h\u1ee3p \u0111\u1ecba ch\u1ec9 nh\u1eadn hoa v\u00e0 \u0111\u1ecba ch\u1ec9 ng\u01b0\u1eddi \u0111\u1eb7t trong c\u00f9ng 1 khu v\u1ef1c\/ th\u00e0nh ph\u1ed1 ( C\u00f3 thu th\u00eam ph\u1ee5 ph\u00ed Ship)<\/p>\n<p>\u2013 Trong tr\u01b0\u1eddng h\u1ee3p kh\u00f4ng c\u00f3 ng\u01b0\u1eddi nh\u1eadn ( c\u1ea3 ng\u01b0\u1eddi nh\u1eadn v\u00e0 ng\u01b0\u1eddi \u0111\u1eb7t h\u00e0ng): Kh\u00e1ch h\u00e0ng s\u1ebd kh\u00f4ng \u0111\u01b0\u1ee3c ho\u1ea3n tr\u1ea3 100% gi\u00e1 tr\u1ecb \u0111\u01a1n h\u00e0ng.<\/p>\n<\/li>\n<li><strong>Th\u1eddi gian giao h\u00e0ng<br \/>\n<\/strong><br \/>\nSau khi b\u1ed9 ph\u1eadn b\u00e1n h\u00e0ng nh\u1eadn \u0111\u01b0\u1ee3c thanh to\u00e1n c\u1ee7a kh\u00e1ch h\u00e0ng, ch\u00fang t\u00f4i s\u1ebd giao \u0111\u00fang th\u1eddi gian kh\u00e1ch h\u00e0ng y\u00eau c\u1ea7u, trong tr\u01b0\u1eddng h\u1ee3p gi\u1edd giao kh\u00f4ng ph\u00f9 h\u1ee3p ch\u00fang t\u00f4i s\u1ebd trao \u0111\u1ed5i tr\u01b0\u1edbc. \u0110\u01a1n h\u00e0ng ch\u1ec9 \u0111\u01b0\u1ee3c th\u1ef1c hi\u1ec7n khi \u00a0c\u1ea3 hai b\u00ean kh\u00e1ch h\u00e0ng v\u00e0 JM international th\u1ed1ng nh\u1ea5t.Ch\u00fang t\u00f4i s\u1ebd c\u1ed1 g\u1eafng giao h\u00e0ng trong th\u1eddi gian quy \u0111\u1ecbnh. N\u1ebfu c\u00f3 s\u01a1 xu\u1ea5t v\u1ec1 th\u1eddi gian giao h\u00e0ng th\u00ec nguy\u00ean nh\u00e2n ch\u1ee7 y\u1ebfu l\u00e0 do kh\u00e1ch quan. Th\u1eddi gian giao h\u00e0ng b\u1ecb ch\u1eadm tr\u1ec5 ph\u1ee5 thu\u1ed9c v\u00e0o \u0111i\u1ec1u ki\u1ec7n th\u1eddi ti\u1ebft ( m\u01b0a, b\u00e3o\u2026) hay giao th\u00f4ng t\u1ea1i n\u01a1i giao h\u00e0ng. N\u1ebfu th\u1eddi gian giao h\u00e0ng b\u1ecb tr\u1ec5 tr\u00ean 60 ph\u00fat, ch\u00fang t\u00f4i s\u1ebd th\u00f4ng b\u00e1o tr\u00ean web ho\u1eb7c g\u1ecdi \u0111i\u1ec7n tr\u1ef1c ti\u1ebfp th\u00f4ng b\u00e1o cho ng\u01b0\u1eddi \u0111\u1eb7t hay ng\u01b0\u1eddi nh\u1eadn.Nh\u1eefng y\u1ebfu t\u1ed1 kh\u00e1ch quan \u1ea3nh h\u01b0\u1edfng \u0111\u1ebfn th\u1eddi gian giao h\u00e0ng. JM international\u00a0mong kh\u00e1ch h\u00e0ng c\u00f3 th\u1ec3 th\u00f4ng c\u1ea3m v\u00e0 b\u1ecf qua cho nh\u1eefng sai s\u00f3t kh\u00f4ng \u0111\u00e1ng c\u00f3 n\u00e0y.<\/li>\n<li><strong>C\u00e1c v\u1ea5n \u0111\u1ec1 g\u1eb7p ph\u1ea3i khi giao h\u00e0ng<br \/>\n<\/strong><br \/>\nV\u1ec1 ph\u01b0\u01a1ng th\u1ee9c v\u1eadn chuy\u1ec3n, ch\u00fang t\u00f4i c\u00f3 k\u1ebft h\u1ee3p v\u1edbi \u0111\u1ed1i t\u00e1c \u0111\u00e1ng tin c\u1eady. Nh\u01b0 qu\u00fd kh\u00e1ch h\u00e0ng bi\u1ebft th\u00ec trong qu\u00e1 tr\u00ecnh v\u1eadn chuy\u1ec3n kh\u00f3 tr\u00e1nh kh\u1ecfi nh\u1eefng sai s\u00f3t. S\u1ea3n ph\u1ea9m c\u00f3 th\u1ec3 b\u1ecb g\u00e3y ho\u1eb7c h\u1ecfng\u2026 V\u00ec v\u1eady khi nh\u1eadn h\u00e0ng kh\u00e1ch h\u00e0ng l\u01b0u \u00fd gi\u00fap JM international l\u00e0 h\u00e3y ki\u1ec3m tra th\u1eadt k\u1ef9 h\u00e0ng h\u00f3a tr\u01b0\u1edbc khi nh\u1eadn. N\u1ebfu h\u00e0ng h\u00f3a c\u00f3 b\u1ecb h\u1ecfng hay g\u00e3y th\u00ec h\u00e3y th\u00f4ng b\u00e1o ngay cho ch\u00fang t\u00f4i trong v\u00f2ng 1 gi\u1edd \u0111\u1ed3ng h\u1ed3 sau khi kh\u00e1ch h\u00e0ng nh\u1eadn h\u00e0ng. \u0110\u1ec3 ch\u00fang t\u00f4i t\u00ecm gi\u1ea3i ph\u00e1p kh\u1eafc ph\u1ee5c. Kh\u00e1ch h\u00e0ng c\u00f3 th\u1ec3 li\u00ean l\u1ea1c v\u1edbi ch\u00fang t\u00f4i theo nh\u1eefng c\u00e1ch sau \u0111\u00e2y \u0111\u1ec3 th\u00f4ng b\u00e1o t\u00ecnh tr\u1ea1ng c\u1ee7a h\u00e0ng h\u00f3a. C\u0169ng nh\u01b0 nh\u1eefng v\u1ea5n \u0111\u1ec1 m\u00e0 kh\u00e1ch h\u00e0ng g\u1eb7p ph\u1ea3i, \u0111\u1ec3 hai b\u00ean c\u00f9ng nhau \u0111\u01b0a ra c\u00e1ch gi\u1ea3i quy\u1ebft t\u1ed1t nh\u1ea5t.\u2013 \u1ede ph\u1ea7n li\u00ean h\u1ec7 ch\u00fang t\u00f4i c\u00f3 \u0111\u1ec3 l\u1ea1i s\u1ed1 hotline: <a href=\"tel:0989113482\"><strong>\u00a0<\/strong><\/a><strong><a href=\"tel:02838162626\"><span class=\"google-number\">0283-816-26-26<\/span><\/a><\/strong>\u00a0ho\u1eb7c Zalo : <strong><a href=\"tel:02838162626\"><span class=\"google-number\">0283-816-26-26<\/span><\/a><\/strong>. Kh\u00e1ch h\u00e0ng c\u00f3 th\u1ec3 li\u00ean h\u1ec7 tr\u1ef1c ti\u1ebfp qua \u0111i\u1ec7n tho\u1ea1i \u0111\u1ec3 ph\u1ea3n \u00e1nh nh\u1eefng v\u1ea5n \u0111\u1ec1 m\u00e0 kh\u00e1ch h\u00e0ng g\u1eb7p ph\u1ea3i.<br \/>\n\u2013 G\u1eedi th\u00f4ng tin \u00fd ki\u1ebfn ph\u1ea3n h\u1ed3i v\u1ec1 \u0111\u1ecba ch\u1ec9 email : <a href=\"mailto:info@phppackaging.com\">info@phppackaging.com<\/a><br \/>\nM\u1ecdi v\u1ea5n \u0111\u1ec1 m\u00e0 kh\u00e1ch h\u00e0ng g\u1eb7p ph\u1ea3i do qu\u00e1 tr\u00ecnh v\u1eadn chuy\u1ec3n. H\u00e3y li\u00ean h\u1ec7 ngay v\u1edbi ch\u00fang t\u00f4i \u0111\u1ec3 \u0111\u01b0\u1ee3c gi\u1ea3i quy\u1ebft m\u1ed9t c\u00e1ch k\u1ecbp th\u1eddi v\u00e0 nhanh ch\u00f3ng.<\/li>\n<li><strong>Theo d\u00f5i \u0111\u01a1n h\u00e0ng<br \/>\n<\/strong><br \/>\n\u0110\u1ed1i v\u1edbi nh\u1eefng kh\u00e1ch h\u00e0ng \u1edf xa, mu\u1ed1n theo d\u00f5i \u0111\u01a1n h\u00e0ng c\u1ee7a m\u00ecnh khi n\u00e0o c\u00f3 th\u1ec3 nh\u1eadn \u0111\u01b0\u1ee3c.Kh\u00e1ch h\u00e0ng c\u00f3 th\u1ec3 li\u00ean h\u1ec7 tr\u1ef1c ti\u1ebfp v\u1ec1 hotline: <strong><a href=\"tel:02838162626\"><span class=\"google-number\">0283-816-26-26<\/span><\/a><\/strong>. Ch\u00fang t\u00f4i lu\u00f4n c\u00f3 nh\u00e2n vi\u00ean t\u00fac tr\u1ef1c 24\/24 \u0111\u1ec3 nh\u1eadn m\u1ecdi cu\u1ed9c g\u1ecdi t\u1eeb kh\u00e1ch h\u00e0ng. B\u1ed9 ph\u1eadn CSKH c\u1ee7a JM international\u00a0s\u1ebd c\u00f3 tr\u00e1ch nhi\u1ec7m th\u00f4ng b\u00e1o \u0111\u1ebfn v\u1edbi kh\u00e1ch h\u00e0ng v\u1ec1 t\u00ecnh tr\u1ea1ng c\u1ee7a \u0111\u01a1n h\u00e0ng.<br \/>\nJM international lu\u00f4n c\u1ed1 g\u1eafng l\u00e0m vi\u1ec7c h\u1ebft m\u00ecnh \u0111\u1ec3 \u0111em \u0111\u1ebfn cho kh\u00e1ch h\u00e0ng nh\u1eefng s\u1ea3n ph\u1ea9m ch\u1ea5t l\u01b0\u1ee3ng nh\u1ea5t v\u00e0 t\u1ed1c \u0111\u1ed9 nhanh nh\u1ea5t cho t\u1ea5t c\u1ea3 c\u00e1c \u0111\u01a1n h\u00e0ng.C\u1ea3m \u01a1n qu\u00fd kh\u00e1ch h\u00e0ng \u0111\u00e3 lu\u00f4n quan t\u00e2m v\u00e0 \u1ee7ng h\u1ed9 JM international<strong>,<\/strong><\/li>\n<\/ol>\n<p>&nbsp;<\/p>\n","protected":false},"excerpt":{"rendered":"<p>\u0110i\u1ec1u Ki\u1ec7n Chung trong v\u1eadn chuy\u1ec3n v\u00e0 giao nh\u1eadn h\u00e0ng h\u00f3a Kh\u00e1ch h\u00e0ng n\u00ean \u0111\u1eb7t c\u00e1c s\u1ea3n ph\u1ea9m tr\u01b0\u1edbc 4 gi\u1edd qua \u0111i\u1ec7n tho\u1ea1i v\u00e0 24h qua website ho\u1eb7c zalo ho\u1eb7c fanpage.Kh\u00e1ch h\u00e0ng c\u00f3 tr\u00e1ch nhi\u1ec7m cung c\u1ea5p \u0111\u1ea7y \u0111\u1ee7 [&hellip;]<\/p>\n","protected":false},"author":1,"featured_media":0,"parent":0,"menu_order":0,"comment_status":"closed","ping_status":"closed","template":"","meta":{"footnotes":""},"class_list":["post-5388","page","type-page","status-publish","hentry"],"acf":[],"_links":{"self":[{"href":"https:\/\/phppackaging.com\/vi\/wp-json\/wp\/v2\/pages\/5388","targetHints":{"allow":["GET"]}}],"collection":[{"href":"https:\/\/phppackaging.com\/vi\/wp-json\/wp\/v2\/pages"}],"about":[{"href":"https:\/\/phppackaging.com\/vi\/wp-json\/wp\/v2\/types\/page"}],"author":[{"embeddable":true,"href":"https:\/\/phppackaging.com\/vi\/wp-json\/wp\/v2\/users\/1"}],"replies":[{"embeddable":true,"href":"https:\/\/phppackaging.com\/vi\/wp-json\/wp\/v2\/comments?post=5388"}],"version-history":[{"count":0,"href":"https:\/\/phppackaging.com\/vi\/wp-json\/wp\/v2\/pages\/5388\/revisions"}],"wp:attachment":[{"href":"https:\/\/phppackaging.com\/vi\/wp-json\/wp\/v2\/media?parent=5388"}],"curies":[{"name":"wp","href":"https:\/\/api.w.org\/{rel}","templated":true}]}}