{"id":5387,"date":"2021-08-23T10:30:16","date_gmt":"2021-08-23T03:30:16","guid":{"rendered":"https:\/\/phppackaging.com\/chinh-sach-thanh-toan"},"modified":"2021-08-23T10:30:16","modified_gmt":"2021-08-23T03:30:16","slug":"chinh-sach-thanh-toan","status":"publish","type":"page","link":"https:\/\/phppackaging.com\/vi\/chinh-sach-thanh-toan","title":{"rendered":"Ch\u00ednh s\u00e1ch thanh to\u00e1n"},"content":{"rendered":"<p>Khi \u0111\u1ed3ng \u00fd mua v\u00e0 s\u1eed d\u1ee5ng c\u00e1c s\u1ea3n ph\u1ea9m, d\u1ecbch v\u1ee5 c\u1ee7a JM international\u00a0Ch\u00fang t\u00f4i c\u00f3 c\u00e1c h\u00ecnh th\u1ee9c thanh to\u00e1n nh\u01b0 sau:<\/p>\n<ol>\n<li><strong>\u00c1p d\u1ee5ng \u0111\u1ed1i v\u1edbi Kh\u00e1ch H\u00e0ng \u1edf xa mu\u1ed1n mua s\u1ea3n ph\u1ea9m tr\u00ean website<\/strong><\/li>\n<\/ol>\n<p>Qu\u00fd Kh\u00e1ch \u0111\u1eb7t h\u00e0ng tr\u1ef1c ti\u1ebfp qua Website <strong>phppackaging.vn<\/strong>\u00a0ho\u1eb7c \u0111\u1eb7t tr\u1ef1c ti\u1ebfp qua s\u1ed1 \u0111i\u1ec7n tho\u1ea1i: <strong><a href=\"tel:02838162626\"><span class=\"google-number\">0283-816-26-26<\/span><\/a><\/strong><\/p>\n<p>Nh\u00e2n vi\u00ean c\u1ee7a h\u1ec7 th\u1ed1ng s\u1ebd tr\u1ef1c ti\u1ebfp x\u00e1c nh\u1eadn \u0111\u01a1n h\u00e0ng tr\u00ean h\u1ec7 th\u1ed1ng web ti\u1ebfn h\u00e0nh g\u1ecdi \u0111i\u1ec7n \u0111\u1ec3 x\u00e1c nh\u1eadn \u0111\u01a1n h\u00e0ng. S\u1ebd bao g\u1ed3m c\u00e1c chi ph\u00ed v\u1ec1: gi\u00e1 tr\u1ecb \u0111\u01a1n h\u00e0ng, chi ph\u00ed chuy\u1ec3n ph\u00e1t Qu\u00fd kh\u00e1ch thanh to\u00e1n.<\/p>\n<p>Qu\u00fd kh\u00e1ch nh\u1eadn h\u00e0ng v\u00e0 ki\u1ec3m tra s\u1ea3n ph\u1ea9m t\u1ea1i nh\u00e0 v\u00e0 thanh to\u00e1n tr\u1ef1c ti\u1ebfp cho nh\u00e2n vi\u00ean \u0111i ph\u00e1t.<\/p>\n<ol start=\"2\">\n<li><strong>\u00c1p d\u1ee5ng \u0111\u1ed1i v\u1edbi Kh\u00e1ch H\u00e0ng mua s\u1ea3n ph\u1ea9m tr\u1ef1c ti\u1ebfp t\u1ea1i h\u1ec7 th\u1ed1ng c\u1eeda h\u00e0ng<\/strong><\/li>\n<\/ol>\n<ul style=\"list-style-type: square;\">\n<li><strong>Thanh to\u00e1n b\u1eb1ng ti\u1ec1n m\u1eb7t<\/strong><\/li>\n<\/ul>\n<p>Qu\u00fd Kh\u00e1ch c\u00f3 th\u1ec3 thanh to\u00e1n b\u1eb1ng ti\u1ec1n m\u1eb7t tr\u1ef1c ti\u1ebfp khi mua h\u00e0ng c\u1ee7a shop. L\u01b0u \u00fd, kh\u00e1ch h\u00e0ng ch\u1ec9 thanh to\u00e1n cho nh\u00e2n vi\u00ean c\u1ee7a JM international\u00a0 khi c\u00f3 \u0111\u1ee7 gi\u1ea5y t\u1edd: Phi\u1ebfu thu ti\u1ec1n (c\u00f3 \u0111\u00f3ng d\u1ea5u v\u00e0 ghi r\u00f5 s\u1ed1 ti\u1ec1n), \u0110\u1ed3ng ph\u1ee5c v\u00e0 \u0111\u01b0\u1ee3c s\u1ef1 ki\u1ec3m duy\u1ec7t v\u00e0 \u0111\u1ed3ng \u00fd c\u1ee7a ng\u01b0\u1eddi \u0111\u1ea1i di\u1ec7n qu\u1ea3n l\u00fd JM international<\/p>\n<ul style=\"list-style-type: square;\">\n<li><strong>Chuy\u1ec3n kho\u1ea3n qua t\u00e0i kho\u1ea3n ng\u00e2n h\u00e0ng<\/strong><\/li>\n<\/ul>\n<p>Qu\u00fd kh\u00e1ch h\u00e0ng mua s\u1ea3n ph\u1ea9m c\u00f3 th\u1ec3 chuy\u1ec3n kho\u1ea3n v\u00e0o s\u1ed1 t\u00e0i kho\u1ea3n sau \u0111\u00e2y:<\/p>\n<p>T\u00ean t\u00e0i kho\u1ea3n: <strong>C\u00d4NG TY TNHH BAO B\u00cc PHP<\/strong><\/p>\n<p>S\u1ed1 t\u00e0i kho\u1ea3n : ****<\/p>\n<p>Ng\u00e2n h\u00e0ng : ******<\/p>\n<p>* Ch\u00fa \u00fd: Sau khi thanh to\u00e1n b\u1eb1ng h\u00ecnh th\u1ee9c chuy\u1ec3n kho\u1ea3n ho\u1eb7c thanh to\u00e1n tr\u1ef1c tuy\u1ebfn, Qu\u00fd kh\u00e1ch h\u00e0ng n\u00ean li\u00ean l\u1ea1c v\u1edbi b\u1ed9 ph\u1eadn b\u00e1n h\u00e0ng theo th\u00f4ng tin li\u00ean h\u1ec7 qua s\u1ed1 \u0111i\u1ec7n tho\u1ea1i <strong><a href=\"tel:02838162626\"><span class=\"google-number\">0283-816-26-26<\/span><\/a><\/strong>, Zalo <strong><a href=\"tel:02838162626\"><span class=\"google-number\">0283-816-26-26<\/span><\/a><\/strong> \u0111\u1ec3 th\u00f4ng b\u00e1o v\u1ec1 vi\u1ec7c Qu\u00fd kh\u00e1ch \u0111\u00e3 th\u1ef1c hi\u1ec7n vi\u1ec7c thanh to\u00e1n ti\u1ec1n. JM international\u00a0s\u1ebd ki\u1ec3m tra ti\u1ec1n v\u1ec1 t\u00e0i kho\u1ea3n v\u00e0 th\u1ef1c hi\u1ec7n vi\u1ec7c b\u00e0n giao s\u1ea3n ph\u1ea9m cho Qu\u00fd kh\u00e1ch.<\/p>\n","protected":false},"excerpt":{"rendered":"<p>Khi \u0111\u1ed3ng \u00fd mua v\u00e0 s\u1eed d\u1ee5ng c\u00e1c s\u1ea3n ph\u1ea9m, d\u1ecbch v\u1ee5 c\u1ee7a JM international\u00a0Ch\u00fang t\u00f4i c\u00f3 c\u00e1c h\u00ecnh th\u1ee9c thanh to\u00e1n nh\u01b0 sau: \u00c1p d\u1ee5ng \u0111\u1ed1i v\u1edbi Kh\u00e1ch H\u00e0ng \u1edf xa mu\u1ed1n mua s\u1ea3n ph\u1ea9m tr\u00ean website Qu\u00fd Kh\u00e1ch [&hellip;]<\/p>\n","protected":false},"author":1,"featured_media":0,"parent":0,"menu_order":0,"comment_status":"closed","ping_status":"closed","template":"","meta":{"footnotes":""},"class_list":["post-5387","page","type-page","status-publish","hentry"],"acf":[],"_links":{"self":[{"href":"https:\/\/phppackaging.com\/vi\/wp-json\/wp\/v2\/pages\/5387","targetHints":{"allow":["GET"]}}],"collection":[{"href":"https:\/\/phppackaging.com\/vi\/wp-json\/wp\/v2\/pages"}],"about":[{"href":"https:\/\/phppackaging.com\/vi\/wp-json\/wp\/v2\/types\/page"}],"author":[{"embeddable":true,"href":"https:\/\/phppackaging.com\/vi\/wp-json\/wp\/v2\/users\/1"}],"replies":[{"embeddable":true,"href":"https:\/\/phppackaging.com\/vi\/wp-json\/wp\/v2\/comments?post=5387"}],"version-history":[{"count":0,"href":"https:\/\/phppackaging.com\/vi\/wp-json\/wp\/v2\/pages\/5387\/revisions"}],"wp:attachment":[{"href":"https:\/\/phppackaging.com\/vi\/wp-json\/wp\/v2\/media?parent=5387"}],"curies":[{"name":"wp","href":"https:\/\/api.w.org\/{rel}","templated":true}]}}