{"id":5386,"date":"2021-08-23T10:29:55","date_gmt":"2021-08-23T03:29:55","guid":{"rendered":"https:\/\/phppackaging.com\/chinh-sach-mua-hang"},"modified":"2021-08-23T10:29:55","modified_gmt":"2021-08-23T03:29:55","slug":"chinh-sach-mua-hang","status":"publish","type":"page","link":"https:\/\/phppackaging.com\/vi\/chinh-sach-mua-hang","title":{"rendered":"Ch\u00ednh s\u00e1ch mua h\u00e0ng"},"content":{"rendered":"<ol>\n<li><strong><strong>\u0110\u1eb7t h\u00e0ng t\u1ea1i website:<\/strong><\/strong> <strong><a class=\"ProsemirrorEditor-link\" href=\"http:\/\/phppackaging.com\/\">phppackaging.com<\/a><\/strong><\/li>\n<\/ol>\n<ul>\n<li>B\u01b0\u1edbc 1: T\u00ecm ki\u1ebfm s\u1ea3n ph\u1ea9m b\u1eb1ng c\u00e1ch g\u00f5 th\u00f4ng tin v\u00e0o thanh t\u00ecm ki\u1ebfm ho\u1eb7c v\u00e0o danh m\u1ee5c s\u1ea3n ph\u1ea9m \u0111\u1ec3 ch\u1ecdn m\u1eabu s\u1ea3n ph\u1ea9m c\u1ea7n<\/li>\n<li>B\u01b0\u1edbc 2: T\u00ecm hi\u1ec3u th\u00f4ng tin s\u1ea3n ph\u1ea9m: <em>\u01b0u \u0111i\u1ec3n, k\u00edch th\u01b0\u1edbc,&#8230;<\/em><\/li>\n<li>B\u01b0\u1edbc 3: Cho s\u1ea3n ph\u1ea9m v\u00e0o gi\u1ecf h\u00e0ng b\u1eb1ng c\u00e1ch b\u1ea5m n\u00fat <strong>\u201cTh\u00eam v\u00e0o gi\u1ecf h\u00e0ng\u201d<\/strong><\/li>\n<li>B\u01b0\u1edbc 4: \u0110\u1ec3 ki\u1ec3m tra c\u00e1c s\u1ea3n ph\u1ea9m trong gi\u1ecf h\u00e0ng h\u00e3y b\u1ea5m bi\u1ec3u t\u01b0\u1ee3ng <strong>\u201cGi\u1ecf h\u00e0ng\u201d<\/strong>. Ch\u1ecdn s\u1ea3n ph\u1ea9m \u0111\u1ec3 ti\u1ebfn h\u00e0nh\u00a0<strong>\u201c\u0110\u1eb7t h\u00e0ng\u201d<\/strong>.<\/li>\n<li>B\u01b0\u1edbc 5: \u0110\u0103ng nh\u1eadp t\u00e0i kho\u1ea3n kh\u00e1ch h\u00e0ng tr\u01b0\u1edbc khi \u0111\u1eb7t h\u00e0ng. HO\u1eb6C Qu\u00fd Kh\u00e1ch l\u1ef1a ch\u1ecdn \u0111\u1eb7t h\u00e0ng kh\u00f4ng c\u1ea7n \u0111\u0103ng nh\u1eadp. Ch\u1ecdn <strong>\u201cMua h\u00e0ng\u201d<\/strong>\u0111\u1ec3 qua b\u01b0\u1edbc ti\u1ebfp theo<\/li>\n<li>B\u01b0\u1edbc 6: \u0110i\u1ec1n th\u00f4ng tin \u0111\u1eb7t h\u00e0ng: Ng\u01b0\u1eddi \u0111\u1eb7t h\u00e0ng, ng\u01b0\u1eddi nh\u1eadn, th\u00f4ng \u0111i\u1ec7p.<\/li>\n<li>B\u01b0\u1edbc 7: Qu\u00fd Kh\u00e1ch \u0111\u1eebng qu\u00ean ki\u1ec3m tra th\u00f4ng tin \u0111\u01a1n h\u00e0ng, c\u1eadp nh\u1eadt m\u00e3 thanh to\u00e1n\/gi\u1ea3m gi\u00e1 (N\u1ebfu c\u00f3). L\u1ef1a ch\u1ecdn h\u00ecnh th\u1ee9c thanh to\u00e1n ph\u00f9 h\u1ee3p v\u00e0 ti\u1ebfn h\u00e0nh thanh to\u00e1n.<\/li>\n<\/ul>\n<ol start=\"2\">\n<li><strong> \u0110\u1eb7t h\u00e0ng li\u00ean h\u1ec7 tr\u1ef1c ti\u1ebfp qua s\u1ed1 \u0111i\u1ec7n tho\u1ea1i <a href=\"tel:02838162626\"><span class=\"google-number\">0283-816-26-26<\/span><\/a><\/strong>\n<div class=\"content\">\u00a0<\/div>\n<\/li>\n<li><strong> \u0110\u1eb7t h\u00e0ng qua s\u1ed1 \u0111i\u1ec7n tho\u1ea1i Zalo <a href=\"tel:02838162626\"><span class=\"google-number\">0283-816-26-26<\/span><\/a><\/strong><\/li>\n<\/ol>\n<p>Sau khi Qu\u00fd Kh\u00e1ch ho\u00e0n th\u00e0nh \u0111\u01a1n \u0111\u1eb7t h\u00e0ng, ch\u00fang t\u00f4i x\u00e1c nh\u1eadn \u0111\u01a1n \u0111\u1eb7t h\u00e0ng th\u00e0nh c\u00f4ng tr\u1ef1c ti\u1ebfp qua s\u1ed1 \u0111i\u1ec7n tho\u1ea1i. <b>JM International<\/b>\u00a0s\u1ebd c\u1eadp nh\u1eadt h\u00ecnh \u1ea3nh th\u00e0nh ph\u1ea9m tr\u01b0\u1edbc v\u00e0 trong l\u00fac giao h\u00e0ng cho qu\u00fd kh\u00e1ch qua zalo.<\/p>\n<p>C\u1ea3m \u01a1n qu\u00fd kh\u00e1ch\u00a0 \u0111\u00e3 tin t\u01b0\u1edfng v\u00e0 s\u1eed d\u1ee5ng d\u1ecbch v\u1ee5 c\u1ee7a JM International<\/p>\n","protected":false},"excerpt":{"rendered":"<p>\u0110\u1eb7t h\u00e0ng t\u1ea1i website: phppackaging.com B\u01b0\u1edbc 1: T\u00ecm ki\u1ebfm s\u1ea3n ph\u1ea9m b\u1eb1ng c\u00e1ch g\u00f5 th\u00f4ng tin v\u00e0o thanh t\u00ecm ki\u1ebfm ho\u1eb7c v\u00e0o danh m\u1ee5c s\u1ea3n ph\u1ea9m \u0111\u1ec3 ch\u1ecdn m\u1eabu s\u1ea3n ph\u1ea9m c\u1ea7n B\u01b0\u1edbc 2: T\u00ecm hi\u1ec3u th\u00f4ng tin s\u1ea3n ph\u1ea9m: [&hellip;]<\/p>\n","protected":false},"author":1,"featured_media":0,"parent":0,"menu_order":0,"comment_status":"closed","ping_status":"closed","template":"","meta":{"footnotes":""},"class_list":["post-5386","page","type-page","status-publish","hentry"],"acf":[],"_links":{"self":[{"href":"https:\/\/phppackaging.com\/vi\/wp-json\/wp\/v2\/pages\/5386","targetHints":{"allow":["GET"]}}],"collection":[{"href":"https:\/\/phppackaging.com\/vi\/wp-json\/wp\/v2\/pages"}],"about":[{"href":"https:\/\/phppackaging.com\/vi\/wp-json\/wp\/v2\/types\/page"}],"author":[{"embeddable":true,"href":"https:\/\/phppackaging.com\/vi\/wp-json\/wp\/v2\/users\/1"}],"replies":[{"embeddable":true,"href":"https:\/\/phppackaging.com\/vi\/wp-json\/wp\/v2\/comments?post=5386"}],"version-history":[{"count":0,"href":"https:\/\/phppackaging.com\/vi\/wp-json\/wp\/v2\/pages\/5386\/revisions"}],"wp:attachment":[{"href":"https:\/\/phppackaging.com\/vi\/wp-json\/wp\/v2\/media?parent=5386"}],"curies":[{"name":"wp","href":"https:\/\/api.w.org\/{rel}","templated":true}]}}