{"id":5298,"date":"2022-03-22T09:50:52","date_gmt":"2022-03-22T02:50:52","guid":{"rendered":"https:\/\/phppackaging.com\/lien-he"},"modified":"2024-07-11T08:55:01","modified_gmt":"2024-07-11T01:55:01","slug":"lien-he","status":"publish","type":"page","link":"https:\/\/phppackaging.com\/vi\/lien-he","title":{"rendered":"Li\u00ean h\u1ec7"},"content":{"rendered":"\t\t<div data-elementor-type=\"wp-page\" data-elementor-id=\"5298\" class=\"elementor elementor-5298 elementor-1770\">\n\t\t\t\t\t\t<section class=\"elementor-section elementor-top-section elementor-element elementor-element-9afa3df elementor-reverse-tablet elementor-reverse-mobile elementor-section-boxed elementor-section-height-default elementor-section-height-default\" data-id=\"9afa3df\" data-element_type=\"section\">\n\t\t\t\t\t\t<div class=\"elementor-container elementor-column-gap-default\">\n\t\t\t\t\t<div class=\"elementor-column elementor-col-50 elementor-top-column elementor-element elementor-element-1a1f3b8\" data-id=\"1a1f3b8\" data-element_type=\"column\">\n\t\t\t<div class=\"elementor-widget-wrap elementor-element-populated\">\n\t\t\t\t\t\t<div class=\"elementor-element elementor-element-fea6479 elementor-widget elementor-widget-heading\" data-id=\"fea6479\" data-element_type=\"widget\" data-widget_type=\"heading.default\">\n\t\t\t\t<div class=\"elementor-widget-container\">\n\t\t\t<style>\/*! elementor - v3.22.0 - 26-06-2024 *\/\n.elementor-heading-title{padding:0;margin:0;line-height:1}.elementor-widget-heading .elementor-heading-title[class*=elementor-size-]>a{color:inherit;font-size:inherit;line-height:inherit}.elementor-widget-heading .elementor-heading-title.elementor-size-small{font-size:15px}.elementor-widget-heading .elementor-heading-title.elementor-size-medium{font-size:19px}.elementor-widget-heading .elementor-heading-title.elementor-size-large{font-size:29px}.elementor-widget-heading .elementor-heading-title.elementor-size-xl{font-size:39px}.elementor-widget-heading .elementor-heading-title.elementor-size-xxl{font-size:59px}<\/style><h1 class=\"elementor-heading-title elementor-size-default\">Li\u00ean h\u1ec7 \u0111\u1ec3 \u0111\u01b0\u1ee3c b\u00e1o gi\u00e1 v\u00e0 h\u1ed7 tr\u1ee3<\/h1>\t\t<\/div>\n\t\t\t\t<\/div>\n\t\t\t\t<div class=\"elementor-element elementor-element-1bacbd7 elementor-widget elementor-widget-text-editor\" data-id=\"1bacbd7\" data-element_type=\"widget\" data-widget_type=\"text-editor.default\">\n\t\t\t\t<div class=\"elementor-widget-container\">\n\t\t\t<style>\/*! elementor - v3.22.0 - 26-06-2024 *\/\n.elementor-widget-text-editor.elementor-drop-cap-view-stacked .elementor-drop-cap{background-color:#69727d;color:#fff}.elementor-widget-text-editor.elementor-drop-cap-view-framed .elementor-drop-cap{color:#69727d;border:3px solid;background-color:transparent}.elementor-widget-text-editor:not(.elementor-drop-cap-view-default) .elementor-drop-cap{margin-top:8px}.elementor-widget-text-editor:not(.elementor-drop-cap-view-default) .elementor-drop-cap-letter{width:1em;height:1em}.elementor-widget-text-editor .elementor-drop-cap{float:left;text-align:center;line-height:1;font-size:50px}.elementor-widget-text-editor .elementor-drop-cap-letter{display:inline-block}<\/style>\t\t\t\t<p>V\u00ec bao b\u00ec g\u00f3p ph\u1ea7n th\u00e0nh c\u00f4ng c\u1ee7a s\u1ea3n ph\u1ea9m, h\u00e3y \u0111\u1ec3 ch\u00fang t\u00f4i \u0111\u1eb7t n\u1ec1n m\u00f3ng cho th\u00e0nh c\u00f4ng \u0111\u00f3.<\/p>\n<p>H\u00e3y li\u00ean h\u1ec7 chuy\u00ean gia c\u1ee7a ch\u00fang t\u00f4i! Ch\u1ec9 m\u1ea5t v\u00e0i ph\u00fat \u0111\u1ec3 k\u1ebft n\u1ed1i v\u00e0 nh\u1eadn \u0111\u01b0\u1ee3c h\u1ed7 tr\u1ee3 tr\u1ef1c ti\u1ebfp.<\/p>\t\t\t\t\t\t<\/div>\n\t\t\t\t<\/div>\n\t\t\t\t<div class=\"elementor-element elementor-element-4438bc2 elementor-align-left elementor-mobile-align-center elementor-widget elementor-widget-button\" data-id=\"4438bc2\" data-element_type=\"widget\" data-widget_type=\"button.default\">\n\t\t\t\t<div class=\"elementor-widget-container\">\n\t\t\t\t\t<div class=\"elementor-button-wrapper\">\n\t\t\t<a class=\"elementor-button elementor-button-link elementor-size-sm\" href=\"tel:+84909248234\">\n\t\t\t\t\t\t<span class=\"elementor-button-content-wrapper\">\n\t\t\t\t\t\t\t\t\t<span class=\"elementor-button-text\">Li\u00ean h\u1ec7 ngay<\/span>\n\t\t\t\t\t<\/span>\n\t\t\t\t\t<\/a>\n\t\t<\/div>\n\t\t\t\t<\/div>\n\t\t\t\t<\/div>\n\t\t\t\t\t<\/div>\n\t\t<\/div>\n\t\t\t\t<div class=\"elementor-column elementor-col-50 elementor-top-column elementor-element elementor-element-410270b\" data-id=\"410270b\" data-element_type=\"column\">\n\t\t\t<div class=\"elementor-widget-wrap elementor-element-populated\">\n\t\t\t\t\t\t<div class=\"elementor-element elementor-element-279f9ac elementor-widget elementor-widget-image\" data-id=\"279f9ac\" data-element_type=\"widget\" data-widget_type=\"image.default\">\n\t\t\t\t<div class=\"elementor-widget-container\">\n\t\t\t<style>\/*! elementor - v3.22.0 - 26-06-2024 *\/\n.elementor-widget-image{text-align:center}.elementor-widget-image a{display:inline-block}.elementor-widget-image a img[src$=\".svg\"]{width:48px}.elementor-widget-image img{vertical-align:middle;display:inline-block}<\/style>\t\t\t\t\t\t\t\t\t\t<img fetchpriority=\"high\" decoding=\"async\" width=\"924\" height=\"1024\" src=\"https:\/\/phppackaging.com\/wp-content\/uploads\/2022\/04\/contact-us-banner-924x1024.jpg\" class=\"attachment-large size-large wp-image-4961\" alt=\"\" srcset=\"https:\/\/phppackaging.com\/wp-content\/uploads\/2022\/04\/contact-us-banner-924x1024.jpg 924w, https:\/\/phppackaging.com\/wp-content\/uploads\/2022\/04\/contact-us-banner-271x300.jpg 271w, https:\/\/phppackaging.com\/wp-content\/uploads\/2022\/04\/contact-us-banner-600x665.jpg 600w, https:\/\/phppackaging.com\/wp-content\/uploads\/2022\/04\/contact-us-banner.jpg 1182w\" sizes=\"(max-width: 924px) 100vw, 924px\" \/>\t\t\t\t\t\t\t\t\t\t\t\t\t<\/div>\n\t\t\t\t<\/div>\n\t\t\t\t\t<\/div>\n\t\t<\/div>\n\t\t\t\t\t<\/div>\n\t\t<\/section>\n\t\t\t\t<section class=\"elementor-section elementor-top-section elementor-element elementor-element-9cabd94 elementor-section-boxed elementor-section-height-default elementor-section-height-default\" data-id=\"9cabd94\" data-element_type=\"section\">\n\t\t\t\t\t\t<div class=\"elementor-container elementor-column-gap-default\">\n\t\t\t\t\t<div class=\"elementor-column elementor-col-100 elementor-top-column elementor-element elementor-element-89465ec\" data-id=\"89465ec\" data-element_type=\"column\">\n\t\t\t<div class=\"elementor-widget-wrap elementor-element-populated\">\n\t\t\t\t\t\t<div class=\"elementor-element elementor-element-00dc1a3 elementor-widget elementor-widget-heading\" data-id=\"00dc1a3\" data-element_type=\"widget\" data-widget_type=\"heading.default\">\n\t\t\t\t<div class=\"elementor-widget-container\">\n\t\t\t<h2 class=\"elementor-heading-title elementor-size-default\">Nh\u1eadn t\u01b0 v\u1ea5n mi\u1ec5n ph\u00ed t\u1eeb chuy\u00ean gia c\u1ee7a ch\u00fang t\u00f4i!<\/h2>\t\t<\/div>\n\t\t\t\t<\/div>\n\t\t\t\t<section class=\"elementor-section elementor-inner-section elementor-element elementor-element-f5023fe elementor-section-boxed elementor-section-height-default elementor-section-height-default\" data-id=\"f5023fe\" data-element_type=\"section\">\n\t\t\t\t\t\t<div class=\"elementor-container elementor-column-gap-default\">\n\t\t\t\t\t<div class=\"elementor-column elementor-col-33 elementor-inner-column elementor-element elementor-element-acefb0c\" data-id=\"acefb0c\" data-element_type=\"column\">\n\t\t\t<div class=\"elementor-widget-wrap\">\n\t\t\t\t\t\t\t<\/div>\n\t\t<\/div>\n\t\t\t\t<div class=\"elementor-column elementor-col-33 elementor-inner-column elementor-element elementor-element-a0652da\" data-id=\"a0652da\" data-element_type=\"column\">\n\t\t\t<div class=\"elementor-widget-wrap elementor-element-populated\">\n\t\t\t\t\t\t<div class=\"elementor-element elementor-element-8cd31af elementor-widget elementor-widget-text-editor\" data-id=\"8cd31af\" data-element_type=\"widget\" data-widget_type=\"text-editor.default\">\n\t\t\t\t<div class=\"elementor-widget-container\">\n\t\t\t\t\t\t\t<p>\u0110\u1ec3 l\u1ea1i th\u00f4ng tin li\u00ean h\u1ec7 c\u1ee7a b\u1ea1n, ch\u00fang t\u00f4i s\u1ebd li\u00ean h\u1ec7 l\u1ea1i s\u1edbm nh\u1ea5t!<br \/>Ho\u1eb7c g\u1eedi email cho ch\u00fang t\u00f4i: <a href=\"mailto:sale@phppackaging.com\"><strong>sale@phppackaging.com<\/strong><\/a><\/p>\t\t\t\t\t\t<\/div>\n\t\t\t\t<\/div>\n\t\t\t\t\t<\/div>\n\t\t<\/div>\n\t\t\t\t<div class=\"elementor-column elementor-col-33 elementor-inner-column elementor-element elementor-element-f218ba9\" data-id=\"f218ba9\" data-element_type=\"column\">\n\t\t\t<div class=\"elementor-widget-wrap\">\n\t\t\t\t\t\t\t<\/div>\n\t\t<\/div>\n\t\t\t\t\t<\/div>\n\t\t<\/section>\n\t\t\t\t<section class=\"elementor-section elementor-inner-section elementor-element elementor-element-aae9751 elementor-section-boxed elementor-section-height-default elementor-section-height-default\" data-id=\"aae9751\" data-element_type=\"section\">\n\t\t\t\t\t\t<div class=\"elementor-container elementor-column-gap-default\">\n\t\t\t\t\t<div class=\"elementor-column elementor-col-100 elementor-inner-column elementor-element elementor-element-69b8a3d\" data-id=\"69b8a3d\" data-element_type=\"column\">\n\t\t\t<div class=\"elementor-widget-wrap elementor-element-populated\">\n\t\t\t\t\t\t\t<\/div>\n\t\t<\/div>\n\t\t\t\t\t<\/div>\n\t\t<\/section>\n\t\t\t\t\t<\/div>\n\t\t<\/div>\n\t\t\t\t\t<\/div>\n\t\t<\/section>\n\t\t\t\t<section class=\"elementor-section elementor-top-section elementor-element elementor-element-9c02c2d elementor-section-boxed elementor-section-height-default elementor-section-height-default\" data-id=\"9c02c2d\" data-element_type=\"section\" data-settings=\"{&quot;background_background&quot;:&quot;classic&quot;}\">\n\t\t\t\t\t\t<div class=\"elementor-container elementor-column-gap-default\">\n\t\t\t\t\t<div class=\"elementor-column elementor-col-100 elementor-top-column elementor-element elementor-element-23df985\" data-id=\"23df985\" data-element_type=\"column\">\n\t\t\t<div class=\"elementor-widget-wrap elementor-element-populated\">\n\t\t\t\t\t\t<section class=\"elementor-section elementor-inner-section elementor-element elementor-element-5e80bf4 elementor-section-boxed elementor-section-height-default elementor-section-height-default\" data-id=\"5e80bf4\" data-element_type=\"section\">\n\t\t\t\t\t\t<div class=\"elementor-container elementor-column-gap-default\">\n\t\t\t\t\t<div class=\"elementor-column elementor-col-100 elementor-inner-column elementor-element elementor-element-c1eb838\" data-id=\"c1eb838\" data-element_type=\"column\">\n\t\t\t<div class=\"elementor-widget-wrap elementor-element-populated\">\n\t\t\t\t\t\t<div class=\"elementor-element elementor-element-e2a4d5a elementor-widget elementor-widget-heading\" data-id=\"e2a4d5a\" data-element_type=\"widget\" data-widget_type=\"heading.default\">\n\t\t\t\t<div class=\"elementor-widget-container\">\n\t\t\t<h2 class=\"elementor-heading-title elementor-size-default\">Quy tr\u00ecnh l\u00e0m vi\u1ec7cc<\/h2>\t\t<\/div>\n\t\t\t\t<\/div>\n\t\t\t\t\t<\/div>\n\t\t<\/div>\n\t\t\t\t\t<\/div>\n\t\t<\/section>\n\t\t\t\t<section class=\"elementor-section elementor-inner-section elementor-element elementor-element-9b44fa6 elementor-section-boxed elementor-section-height-default elementor-section-height-default\" data-id=\"9b44fa6\" data-element_type=\"section\">\n\t\t\t\t\t\t<div class=\"elementor-container elementor-column-gap-default\">\n\t\t\t\t\t<div class=\"elementor-column elementor-col-33 elementor-inner-column elementor-element elementor-element-a7b1eb7\" data-id=\"a7b1eb7\" data-element_type=\"column\">\n\t\t\t<div class=\"elementor-widget-wrap elementor-element-populated\">\n\t\t\t\t\t\t<div class=\"elementor-element elementor-element-a57a101 work-process-img-box-item elementor-position-top elementor-widget elementor-widget-image-box\" data-id=\"a57a101\" data-element_type=\"widget\" data-widget_type=\"image-box.default\">\n\t\t\t\t<div class=\"elementor-widget-container\">\n\t\t\t<style>.elementor-widget-image-box .elementor-image-box-content{width:100%}@media (min-width:641px){.elementor-widget-image-box.elementor-position-left .elementor-image-box-wrapper,.elementor-widget-image-box.elementor-position-right .elementor-image-box-wrapper{display:flex}.elementor-widget-image-box.elementor-position-right .elementor-image-box-wrapper{text-align:right;flex-direction:row-reverse}.elementor-widget-image-box.elementor-position-left .elementor-image-box-wrapper{text-align:left;flex-direction:row}.elementor-widget-image-box.elementor-position-top .elementor-image-box-img{margin:auto}.elementor-widget-image-box.elementor-vertical-align-top .elementor-image-box-wrapper{align-items:flex-start}.elementor-widget-image-box.elementor-vertical-align-middle .elementor-image-box-wrapper{align-items:center}.elementor-widget-image-box.elementor-vertical-align-bottom .elementor-image-box-wrapper{align-items:flex-end}}@media (max-width:640px){.elementor-widget-image-box .elementor-image-box-img{margin-left:auto!important;margin-right:auto!important;margin-bottom:15px}}.elementor-widget-image-box .elementor-image-box-img{display:inline-block}.elementor-widget-image-box .elementor-image-box-title a{color:inherit}.elementor-widget-image-box .elementor-image-box-wrapper{text-align:center}.elementor-widget-image-box .elementor-image-box-description{margin:0}<\/style><div class=\"elementor-image-box-wrapper\"><figure class=\"elementor-image-box-img\"><img decoding=\"async\" width=\"68\" height=\"57\" src=\"https:\/\/phppackaging.com\/wp-content\/uploads\/2022\/04\/ic-talk-with-us.svg\" class=\"attachment-full size-full wp-image-4965\" alt=\"\" \/><\/figure><div class=\"elementor-image-box-content\"><h3 class=\"elementor-image-box-title\">Trao \u0111\u1ed5i v\u1edbi kh\u00e1ch h\u00e0ng<\/h3><p class=\"elementor-image-box-description\">Kh\u00e1m ph\u00e1 \u0111a d\u1ea1ng m\u1eabu h\u1ed9p c\u1ee9ng, \u0111\u01b0\u1ee3c t\u01b0 v\u1ea5n t\u1eadn t\u00ecnh v\u00e0 nh\u1eadn b\u00e1o gi\u00e1 nhanh ch\u00f3ng!\n<\/p><\/div><\/div>\t\t<\/div>\n\t\t\t\t<\/div>\n\t\t\t\t\t<\/div>\n\t\t<\/div>\n\t\t\t\t<div class=\"elementor-column elementor-col-33 elementor-inner-column elementor-element elementor-element-4ae87af\" data-id=\"4ae87af\" data-element_type=\"column\">\n\t\t\t<div class=\"elementor-widget-wrap elementor-element-populated\">\n\t\t\t\t\t\t<div class=\"elementor-element elementor-element-03eb797 work-process-img-box-item elementor-position-top elementor-widget elementor-widget-image-box\" data-id=\"03eb797\" data-element_type=\"widget\" data-widget_type=\"image-box.default\">\n\t\t\t\t<div class=\"elementor-widget-container\">\n\t\t\t<div class=\"elementor-image-box-wrapper\"><figure class=\"elementor-image-box-img\"><img decoding=\"async\" width=\"59\" height=\"46\" src=\"https:\/\/phppackaging.com\/wp-content\/uploads\/2022\/04\/ic-get-a-sample.svg\" class=\"attachment-full size-full wp-image-4963\" alt=\"\" \/><\/figure><div class=\"elementor-image-box-content\"><h3 class=\"elementor-image-box-title\">Kh\u00e1ch h\u00e0ng nh\u1eadn m\u1eabu<\/h3><p class=\"elementor-image-box-description\">Tr\u1ea3i nghi\u1ec7m ch\u1ea5t l\u01b0\u1ee3ng s\u1ea3n ph\u1ea9m th\u1ef1c t\u1ebf v\u1edbi m\u1eabu Mockup c\u1ee7a ch\u00fang t\u00f4i.<\/p><\/div><\/div>\t\t<\/div>\n\t\t\t\t<\/div>\n\t\t\t\t\t<\/div>\n\t\t<\/div>\n\t\t\t\t<div class=\"elementor-column elementor-col-33 elementor-inner-column elementor-element elementor-element-f717ae0\" data-id=\"f717ae0\" data-element_type=\"column\">\n\t\t\t<div class=\"elementor-widget-wrap elementor-element-populated\">\n\t\t\t\t\t\t<div class=\"elementor-element elementor-element-ef3da4c work-process-img-box-item elementor-position-top elementor-widget elementor-widget-image-box\" data-id=\"ef3da4c\" data-element_type=\"widget\" data-widget_type=\"image-box.default\">\n\t\t\t\t<div class=\"elementor-widget-container\">\n\t\t\t<div class=\"elementor-image-box-wrapper\"><figure class=\"elementor-image-box-img\"><img loading=\"lazy\" decoding=\"async\" width=\"59\" height=\"32\" src=\"https:\/\/phppackaging.com\/wp-content\/uploads\/2022\/04\/ic-order-ship.svg\" class=\"attachment-full size-full wp-image-4964\" alt=\"\" \/><\/figure><div class=\"elementor-image-box-content\"><h3 class=\"elementor-image-box-title\">\u0110\u1eb7t h\u00e0ng & V\u1eadn chuy\u1ec3n<\/h3><p class=\"elementor-image-box-description\">\u0110\u1eb7t h\u00e0ng ngay v\u00e0 t\u1eadn h\u01b0\u1edfng d\u1ecbch v\u1ee5 tr\u1ecdn g\u00f3i t\u1eeb ch\u00fang t\u00f4i!<\/p><\/div><\/div>\t\t<\/div>\n\t\t\t\t<\/div>\n\t\t\t\t\t<\/div>\n\t\t<\/div>\n\t\t\t\t\t<\/div>\n\t\t<\/section>\n\t\t\t\t\t<\/div>\n\t\t<\/div>\n\t\t\t\t\t<\/div>\n\t\t<\/section>\n\t\t\t\t<\/div>\n\t\t","protected":false},"excerpt":{"rendered":"<p>Li\u00ean h\u1ec7 \u0111\u1ec3 \u0111\u01b0\u1ee3c b\u00e1o gi\u00e1 v\u00e0 h\u1ed7 tr\u1ee3 V\u00ec bao b\u00ec g\u00f3p ph\u1ea7n th\u00e0nh c\u00f4ng c\u1ee7a s\u1ea3n ph\u1ea9m, h\u00e3y \u0111\u1ec3 ch\u00fang t\u00f4i \u0111\u1eb7t n\u1ec1n m\u00f3ng cho th\u00e0nh c\u00f4ng \u0111\u00f3. H\u00e3y li\u00ean h\u1ec7 chuy\u00ean gia c\u1ee7a ch\u00fang t\u00f4i! Ch\u1ec9 m\u1ea5t [&hellip;]<\/p>\n","protected":false},"author":1,"featured_media":0,"parent":0,"menu_order":0,"comment_status":"closed","ping_status":"closed","template":"elementor_header_footer","meta":{"footnotes":""},"class_list":["post-5298","page","type-page","status-publish","hentry"],"acf":[],"_links":{"self":[{"href":"https:\/\/phppackaging.com\/vi\/wp-json\/wp\/v2\/pages\/5298","targetHints":{"allow":["GET"]}}],"collection":[{"href":"https:\/\/phppackaging.com\/vi\/wp-json\/wp\/v2\/pages"}],"about":[{"href":"https:\/\/phppackaging.com\/vi\/wp-json\/wp\/v2\/types\/page"}],"author":[{"embeddable":true,"href":"https:\/\/phppackaging.com\/vi\/wp-json\/wp\/v2\/users\/1"}],"replies":[{"embeddable":true,"href":"https:\/\/phppackaging.com\/vi\/wp-json\/wp\/v2\/comments?post=5298"}],"version-history":[{"count":20,"href":"https:\/\/phppackaging.com\/vi\/wp-json\/wp\/v2\/pages\/5298\/revisions"}],"predecessor-version":[{"id":5635,"href":"https:\/\/phppackaging.com\/vi\/wp-json\/wp\/v2\/pages\/5298\/revisions\/5635"}],"wp:attachment":[{"href":"https:\/\/phppackaging.com\/vi\/wp-json\/wp\/v2\/media?parent=5298"}],"curies":[{"name":"wp","href":"https:\/\/api.w.org\/{rel}","templated":true}]}}